{"id":1352,"date":"2024-05-21T19:29:35","date_gmt":"2024-05-21T22:29:35","guid":{"rendered":"https:\/\/inmo.rentabilidadinteligente.com\/?page_id=1352"},"modified":"2024-05-29T19:43:36","modified_gmt":"2024-05-29T22:43:36","slug":"inicio","status":"publish","type":"page","link":"https:\/\/inmo.rentabilidadinteligente.com\/","title":{"rendered":"Inicio"},"content":{"rendered":"\t\t<div data-elementor-type=\"wp-page\" data-elementor-id=\"1352\" class=\"elementor elementor-1352\" data-elementor-post-type=\"page\">\n\t\t\t\t\t\t<section class=\"elementor-section elementor-top-section elementor-element elementor-element-50314801 elementor-section-boxed elementor-section-height-default elementor-section-height-default\" data-id=\"50314801\" data-element_type=\"section\" data-settings=\"{&quot;background_background&quot;:&quot;classic&quot;,&quot;shape_divider_bottom&quot;:&quot;opacity-tilt&quot;}\">\n\t\t\t\t\t\t\t<div class=\"elementor-background-overlay\"><\/div>\n\t\t\t\t\t\t<div class=\"elementor-shape elementor-shape-bottom\" aria-hidden=\"true\" data-negative=\"false\">\n\t\t\t<svg xmlns=\"http:\/\/www.w3.org\/2000\/svg\" viewBox=\"0 0 2600 131.1\" preserveAspectRatio=\"none\">\n\t<path class=\"elementor-shape-fill\" d=\"M0 0L2600 0 2600 69.1 0 0z\"\/>\n\t<path class=\"elementor-shape-fill\" style=\"opacity:0.5\" d=\"M0 0L2600 0 2600 69.1 0 69.1z\"\/>\n\t<path class=\"elementor-shape-fill\" style=\"opacity:0.25\" d=\"M2600 0L0 0 0 130.1 2600 69.1z\"\/>\n<\/svg>\t\t<\/div>\n\t\t\t\t\t<div class=\"elementor-container elementor-column-gap-default\">\n\t\t\t\t\t<div class=\"elementor-column elementor-col-100 elementor-top-column elementor-element elementor-element-14541a70\" data-id=\"14541a70\" data-element_type=\"column\">\n\t\t\t<div class=\"elementor-widget-wrap elementor-element-populated\">\n\t\t\t\t\t\t<section class=\"elementor-section elementor-inner-section elementor-element elementor-element-42d976d5 elementor-section-boxed elementor-section-height-default elementor-section-height-default\" data-id=\"42d976d5\" data-element_type=\"section\">\n\t\t\t\t\t\t<div class=\"elementor-container elementor-column-gap-default\">\n\t\t\t\t\t<div class=\"elementor-column elementor-col-50 elementor-inner-column elementor-element elementor-element-7e49ed50\" data-id=\"7e49ed50\" data-element_type=\"column\">\n\t\t\t<div class=\"elementor-widget-wrap elementor-element-populated\">\n\t\t\t\t\t\t<div class=\"elementor-element elementor-element-28a7f987 elementor-widget elementor-widget-image\" data-id=\"28a7f987\" data-element_type=\"widget\" data-widget_type=\"image.default\">\n\t\t\t\t<div class=\"elementor-widget-container\">\n\t\t\t\t\t\t\t\t\t\t\t\t\t\t\t<img fetchpriority=\"high\" decoding=\"async\" width=\"812\" height=\"457\" src=\"https:\/\/i0.wp.com\/inmo.rentabilidadinteligente.com\/wp-content\/uploads\/2024\/01\/Rentabilidad-Inteligente-2_09.png?fit=812%2C457&amp;ssl=1\" class=\"attachment-large size-large wp-image-36\" alt=\"\" srcset=\"https:\/\/i0.wp.com\/inmo.rentabilidadinteligente.com\/wp-content\/uploads\/2024\/01\/Rentabilidad-Inteligente-2_09.png?w=1152&amp;ssl=1 1152w, https:\/\/i0.wp.com\/inmo.rentabilidadinteligente.com\/wp-content\/uploads\/2024\/01\/Rentabilidad-Inteligente-2_09.png?resize=300%2C169&amp;ssl=1 300w, https:\/\/i0.wp.com\/inmo.rentabilidadinteligente.com\/wp-content\/uploads\/2024\/01\/Rentabilidad-Inteligente-2_09.png?resize=1024%2C576&amp;ssl=1 1024w, https:\/\/i0.wp.com\/inmo.rentabilidadinteligente.com\/wp-content\/uploads\/2024\/01\/Rentabilidad-Inteligente-2_09.png?resize=768%2C432&amp;ssl=1 768w\" sizes=\"(max-width: 812px) 100vw, 812px\" \/>\t\t\t\t\t\t\t\t\t\t\t\t\t\t\t<\/div>\n\t\t\t\t<\/div>\n\t\t\t\t\t<\/div>\n\t\t<\/div>\n\t\t\t\t<div class=\"elementor-column elementor-col-50 elementor-inner-column elementor-element elementor-element-7ef91403\" data-id=\"7ef91403\" data-element_type=\"column\">\n\t\t\t<div class=\"elementor-widget-wrap elementor-element-populated\">\n\t\t\t\t\t\t\t<\/div>\n\t\t<\/div>\n\t\t\t\t\t<\/div>\n\t\t<\/section>\n\t\t\t\t\t<\/div>\n\t\t<\/div>\n\t\t\t\t\t<\/div>\n\t\t<\/section>\n\t\t<div class=\"elementor-element elementor-element-f3562e7 e-flex e-con-boxed e-con e-parent\" data-id=\"f3562e7\" data-element_type=\"container\">\n\t\t\t\t\t<div class=\"e-con-inner\">\n\t\t\t\t<div class=\"elementor-element elementor-element-de9301b elementor-widget elementor-widget-heading\" data-id=\"de9301b\" data-element_type=\"widget\" data-widget_type=\"heading.default\">\n\t\t\t\t<div class=\"elementor-widget-container\">\n\t\t\t\t\t<h2 class=\"elementor-heading-title elementor-size-default\">Bienvenido a Rentabilidad Inteligente<\/h2>\t\t\t\t<\/div>\n\t\t\t\t<\/div>\n\t\t\t\t\t<\/div>\n\t\t\t\t<\/div>\n\t\t<div class=\"elementor-element elementor-element-6b19188 e-flex e-con-boxed e-con e-parent\" data-id=\"6b19188\" data-element_type=\"container\">\n\t\t\t\t\t<div class=\"e-con-inner\">\n\t\t<div class=\"elementor-element elementor-element-2757409 e-con-full e-flex e-con e-child\" data-id=\"2757409\" data-element_type=\"container\">\n\t\t\t\t<div class=\"elementor-element elementor-element-8e5a300 elementor-widget elementor-widget-image\" data-id=\"8e5a300\" data-element_type=\"widget\" data-widget_type=\"image.default\">\n\t\t\t\t<div class=\"elementor-widget-container\">\n\t\t\t\t\t\t\t\t\t\t\t\t\t\t\t<img decoding=\"async\" width=\"263\" height=\"300\" src=\"https:\/\/i0.wp.com\/inmo.rentabilidadinteligente.com\/wp-content\/uploads\/2024\/04\/PhotoRoom-20240105_203709-e1716507331661.png?fit=263%2C300&amp;ssl=1\" class=\"attachment-medium size-medium wp-image-1154\" alt=\"\" srcset=\"https:\/\/i0.wp.com\/inmo.rentabilidadinteligente.com\/wp-content\/uploads\/2024\/04\/PhotoRoom-20240105_203709-e1716507331661.png?w=1050&amp;ssl=1 1050w, https:\/\/i0.wp.com\/inmo.rentabilidadinteligente.com\/wp-content\/uploads\/2024\/04\/PhotoRoom-20240105_203709-e1716507331661.png?resize=263%2C300&amp;ssl=1 263w, https:\/\/i0.wp.com\/inmo.rentabilidadinteligente.com\/wp-content\/uploads\/2024\/04\/PhotoRoom-20240105_203709-e1716507331661.png?resize=896%2C1024&amp;ssl=1 896w, https:\/\/i0.wp.com\/inmo.rentabilidadinteligente.com\/wp-content\/uploads\/2024\/04\/PhotoRoom-20240105_203709-e1716507331661.png?resize=768%2C878&amp;ssl=1 768w\" sizes=\"(max-width: 263px) 100vw, 263px\" \/>\t\t\t\t\t\t\t\t\t\t\t\t\t\t\t<\/div>\n\t\t\t\t<\/div>\n\t\t\t\t<div class=\"elementor-element elementor-element-f790171 elementor-widget elementor-widget-text-editor\" data-id=\"f790171\" data-element_type=\"widget\" data-widget_type=\"text-editor.default\">\n\t\t\t\t<div class=\"elementor-widget-container\">\n\t\t\t\t\t\t\t\t\t<p>La marca donde ayudamos a profesionales, emprendedores y due\u00f1os de negocios a maximizar su rentabilidad y aprender a invertir de manera inteligente. Nuestra asesor\u00eda especializada te gu\u00eda paso a paso para convertirte en un inversor inteligente, utilizando estrategias financieras probadas y un enfoque anal\u00edtico.<\/p><p>Gestiona eficazmente tus finanzas personales y empresariales, y descubre c\u00f3mo tomar el control de tu dinero para alcanzar tus metas financieras a largo plazo. Con <strong>Rentabilidad Inteligente<\/strong>, transforma tu mentalidad empresarial y multiplica tu patrimonio.<\/p>\t\t\t\t\t\t\t\t<\/div>\n\t\t\t\t<\/div>\n\t\t\t\t<\/div>\n\t\t<div class=\"elementor-element elementor-element-82c07d9 e-con-full e-flex e-con e-child\" data-id=\"82c07d9\" data-element_type=\"container\">\n\t\t\t\t<div class=\"elementor-element elementor-element-b0e9d16 elementor-widget elementor-widget-spacer\" data-id=\"b0e9d16\" data-element_type=\"widget\" data-widget_type=\"spacer.default\">\n\t\t\t\t<div class=\"elementor-widget-container\">\n\t\t\t\t\t\t\t<div class=\"elementor-spacer\">\n\t\t\t<div class=\"elementor-spacer-inner\"><\/div>\n\t\t<\/div>\n\t\t\t\t\t\t<\/div>\n\t\t\t\t<\/div>\n\t\t\t\t<div class=\"elementor-element elementor-element-82d7381 elementor-widget elementor-widget-image\" data-id=\"82d7381\" data-element_type=\"widget\" data-widget_type=\"image.default\">\n\t\t\t\t<div class=\"elementor-widget-container\">\n\t\t\t\t\t\t\t\t\t\t\t\t\t\t\t<img decoding=\"async\" width=\"1584\" height=\"992\" src=\"https:\/\/i0.wp.com\/inmo.rentabilidadinteligente.com\/wp-content\/uploads\/2024\/05\/Instructivo-ZOOM.png?resize=1584%2C992&amp;ssl=1\" class=\"attachment-masteriyo_single size-masteriyo_single wp-image-1362\" alt=\"\" srcset=\"https:\/\/i0.wp.com\/inmo.rentabilidadinteligente.com\/wp-content\/uploads\/2024\/05\/Instructivo-ZOOM.png?resize=1584%2C992&amp;ssl=1 1584w, https:\/\/i0.wp.com\/inmo.rentabilidadinteligente.com\/wp-content\/uploads\/2024\/05\/Instructivo-ZOOM.png?resize=360%2C224&amp;ssl=1 360w\" sizes=\"(max-width: 812px) 100vw, 812px\" \/>\t\t\t\t\t\t\t\t\t\t\t\t\t\t\t<\/div>\n\t\t\t\t<\/div>\n\t\t\t\t<div class=\"elementor-element elementor-element-bdd7cd7 elementor-align-center elementor-widget elementor-widget-button\" data-id=\"bdd7cd7\" data-element_type=\"widget\" data-widget_type=\"button.default\">\n\t\t\t\t<div class=\"elementor-widget-container\">\n\t\t\t\t\t\t\t\t\t<div class=\"elementor-button-wrapper\">\n\t\t\t\t\t<a class=\"elementor-button elementor-button-link elementor-size-sm\" href=\"https:\/\/campus.inmo.rentabilidadinteligente.com\/\">\n\t\t\t\t\t\t<span class=\"elementor-button-content-wrapper\">\n\t\t\t\t\t\t\t\t\t<span class=\"elementor-button-text\">Ingreso de alumnos<\/span>\n\t\t\t\t\t<\/span>\n\t\t\t\t\t<\/a>\n\t\t\t\t<\/div>\n\t\t\t\t\t\t\t\t<\/div>\n\t\t\t\t<\/div>\n\t\t\t\t<\/div>\n\t\t\t\t\t<\/div>\n\t\t\t\t<\/div>\n\t\t<div class=\"elementor-element elementor-element-95975aa e-flex e-con-boxed e-con e-parent\" data-id=\"95975aa\" data-element_type=\"container\">\n\t\t\t\t\t<div class=\"e-con-inner\">\n\t\t<div class=\"elementor-element elementor-element-2bf5c84 e-grid e-con-boxed e-con e-child\" data-id=\"2bf5c84\" data-element_type=\"container\">\n\t\t\t\t\t<div class=\"e-con-inner\">\n\t\t\t\t<div class=\"elementor-element elementor-element-f114ea1 elementor-widget elementor-widget-spacer\" data-id=\"f114ea1\" data-element_type=\"widget\" data-widget_type=\"spacer.default\">\n\t\t\t\t<div class=\"elementor-widget-container\">\n\t\t\t\t\t\t\t<div class=\"elementor-spacer\">\n\t\t\t<div class=\"elementor-spacer-inner\"><\/div>\n\t\t<\/div>\n\t\t\t\t\t\t<\/div>\n\t\t\t\t<\/div>\n\t\t\t\t<div class=\"elementor-element elementor-element-dc4d771 elementor-shape-circle elementor-grid-0 e-grid-align-center elementor-widget elementor-widget-social-icons\" data-id=\"dc4d771\" data-element_type=\"widget\" data-widget_type=\"social-icons.default\">\n\t\t\t\t<div class=\"elementor-widget-container\">\n\t\t\t\t\t\t\t<div class=\"elementor-social-icons-wrapper elementor-grid\" role=\"list\">\n\t\t\t\t\t\t\t<span class=\"elementor-grid-item\" role=\"listitem\">\n\t\t\t\t\t<a class=\"elementor-icon elementor-social-icon elementor-social-icon-instagram elementor-repeater-item-b6aee26\" href=\"https:\/\/www.instagram.com\/rentabilidadinteligente\/\" target=\"_blank\">\n\t\t\t\t\t\t<span class=\"elementor-screen-only\">Instagram<\/span>\n\t\t\t\t\t\t<svg class=\"e-font-icon-svg e-fab-instagram\" viewBox=\"0 0 448 512\" xmlns=\"http:\/\/www.w3.org\/2000\/svg\"><path d=\"M224.1 141c-63.6 0-114.9 51.3-114.9 114.9s51.3 114.9 114.9 114.9S339 319.5 339 255.9 287.7 141 224.1 141zm0 189.6c-41.1 0-74.7-33.5-74.7-74.7s33.5-74.7 74.7-74.7 74.7 33.5 74.7 74.7-33.6 74.7-74.7 74.7zm146.4-194.3c0 14.9-12 26.8-26.8 26.8-14.9 0-26.8-12-26.8-26.8s12-26.8 26.8-26.8 26.8 12 26.8 26.8zm76.1 27.2c-1.7-35.9-9.9-67.7-36.2-93.9-26.2-26.2-58-34.4-93.9-36.2-37-2.1-147.9-2.1-184.9 0-35.8 1.7-67.6 9.9-93.9 36.1s-34.4 58-36.2 93.9c-2.1 37-2.1 147.9 0 184.9 1.7 35.9 9.9 67.7 36.2 93.9s58 34.4 93.9 36.2c37 2.1 147.9 2.1 184.9 0 35.9-1.7 67.7-9.9 93.9-36.2 26.2-26.2 34.4-58 36.2-93.9 2.1-37 2.1-147.8 0-184.8zM398.8 388c-7.8 19.6-22.9 34.7-42.6 42.6-29.5 11.7-99.5 9-132.1 9s-102.7 2.6-132.1-9c-19.6-7.8-34.7-22.9-42.6-42.6-11.7-29.5-9-99.5-9-132.1s-2.6-102.7 9-132.1c7.8-19.6 22.9-34.7 42.6-42.6 29.5-11.7 99.5-9 132.1-9s102.7-2.6 132.1 9c19.6 7.8 34.7 22.9 42.6 42.6 11.7 29.5 9 99.5 9 132.1s2.7 102.7-9 132.1z\"><\/path><\/svg>\t\t\t\t\t<\/a>\n\t\t\t\t<\/span>\n\t\t\t\t\t\t\t<span class=\"elementor-grid-item\" role=\"listitem\">\n\t\t\t\t\t<a class=\"elementor-icon elementor-social-icon elementor-social-icon-facebook elementor-repeater-item-2063827\" href=\"https:\/\/www.facebook.com\/lukarentabilidadinteligente\" target=\"_blank\">\n\t\t\t\t\t\t<span class=\"elementor-screen-only\">Facebook<\/span>\n\t\t\t\t\t\t<svg class=\"e-font-icon-svg e-fab-facebook\" viewBox=\"0 0 512 512\" xmlns=\"http:\/\/www.w3.org\/2000\/svg\"><path d=\"M504 256C504 119 393 8 256 8S8 119 8 256c0 123.78 90.69 226.38 209.25 245V327.69h-63V256h63v-54.64c0-62.15 37-96.48 93.67-96.48 27.14 0 55.52 4.84 55.52 4.84v61h-31.28c-30.8 0-40.41 19.12-40.41 38.73V256h68.78l-11 71.69h-57.78V501C413.31 482.38 504 379.78 504 256z\"><\/path><\/svg>\t\t\t\t\t<\/a>\n\t\t\t\t<\/span>\n\t\t\t\t\t\t\t<span class=\"elementor-grid-item\" role=\"listitem\">\n\t\t\t\t\t<a class=\"elementor-icon elementor-social-icon elementor-social-icon-youtube elementor-repeater-item-ef3e584\" target=\"_blank\">\n\t\t\t\t\t\t<span class=\"elementor-screen-only\">Youtube<\/span>\n\t\t\t\t\t\t<svg class=\"e-font-icon-svg e-fab-youtube\" viewBox=\"0 0 576 512\" xmlns=\"http:\/\/www.w3.org\/2000\/svg\"><path d=\"M549.655 124.083c-6.281-23.65-24.787-42.276-48.284-48.597C458.781 64 288 64 288 64S117.22 64 74.629 75.486c-23.497 6.322-42.003 24.947-48.284 48.597-11.412 42.867-11.412 132.305-11.412 132.305s0 89.438 11.412 132.305c6.281 23.65 24.787 41.5 48.284 47.821C117.22 448 288 448 288 448s170.78 0 213.371-11.486c23.497-6.321 42.003-24.171 48.284-47.821 11.412-42.867 11.412-132.305 11.412-132.305s0-89.438-11.412-132.305zm-317.51 213.508V175.185l142.739 81.205-142.739 81.201z\"><\/path><\/svg>\t\t\t\t\t<\/a>\n\t\t\t\t<\/span>\n\t\t\t\t\t<\/div>\n\t\t\t\t\t\t<\/div>\n\t\t\t\t<\/div>\n\t\t\t\t<div class=\"elementor-element elementor-element-b6051f7 elementor-widget elementor-widget-spacer\" data-id=\"b6051f7\" data-element_type=\"widget\" data-widget_type=\"spacer.default\">\n\t\t\t\t<div class=\"elementor-widget-container\">\n\t\t\t\t\t\t\t<div class=\"elementor-spacer\">\n\t\t\t<div class=\"elementor-spacer-inner\"><\/div>\n\t\t<\/div>\n\t\t\t\t\t\t<\/div>\n\t\t\t\t<\/div>\n\t\t\t\t\t<\/div>\n\t\t\t\t<\/div>\n\t\t\t\t\t<\/div>\n\t\t\t\t<\/div>\n\t\t\t\t<section class=\"elementor-section elementor-top-section elementor-element elementor-element-225e76bc elementor-section-boxed elementor-section-height-default elementor-section-height-default\" data-id=\"225e76bc\" data-element_type=\"section\" data-settings=\"{&quot;background_background&quot;:&quot;classic&quot;}\">\n\t\t\t\t\t\t<div class=\"elementor-container elementor-column-gap-default\">\n\t\t\t\t\t<div class=\"elementor-column elementor-col-100 elementor-top-column elementor-element elementor-element-6678c692\" data-id=\"6678c692\" data-element_type=\"column\">\n\t\t\t<div class=\"elementor-widget-wrap elementor-element-populated\">\n\t\t\t\t\t\t<div class=\"elementor-element elementor-element-6f2be96f elementor-widget elementor-widget-image\" data-id=\"6f2be96f\" data-element_type=\"widget\" data-widget_type=\"image.default\">\n\t\t\t\t<div class=\"elementor-widget-container\">\n\t\t\t\t\t\t\t\t\t\t\t\t\t\t\t<img loading=\"lazy\" decoding=\"async\" width=\"300\" height=\"169\" src=\"https:\/\/i0.wp.com\/inmo.rentabilidadinteligente.com\/wp-content\/uploads\/2024\/01\/Rentabilidad-Inteligente-2_09.png?fit=300%2C169&amp;ssl=1\" class=\"attachment-medium size-medium wp-image-36\" alt=\"\" srcset=\"https:\/\/i0.wp.com\/inmo.rentabilidadinteligente.com\/wp-content\/uploads\/2024\/01\/Rentabilidad-Inteligente-2_09.png?w=1152&amp;ssl=1 1152w, https:\/\/i0.wp.com\/inmo.rentabilidadinteligente.com\/wp-content\/uploads\/2024\/01\/Rentabilidad-Inteligente-2_09.png?resize=300%2C169&amp;ssl=1 300w, https:\/\/i0.wp.com\/inmo.rentabilidadinteligente.com\/wp-content\/uploads\/2024\/01\/Rentabilidad-Inteligente-2_09.png?resize=1024%2C576&amp;ssl=1 1024w, https:\/\/i0.wp.com\/inmo.rentabilidadinteligente.com\/wp-content\/uploads\/2024\/01\/Rentabilidad-Inteligente-2_09.png?resize=768%2C432&amp;ssl=1 768w\" sizes=\"(max-width: 300px) 100vw, 300px\" \/>\t\t\t\t\t\t\t\t\t\t\t\t\t\t\t<\/div>\n\t\t\t\t<\/div>\n\t\t\t\t\t<\/div>\n\t\t<\/div>\n\t\t\t\t\t<\/div>\n\t\t<\/section>\n\t\t<div class=\"elementor-element elementor-element-0647caf e-flex e-con-boxed e-con e-parent\" data-id=\"0647caf\" data-element_type=\"container\">\n\t\t\t\t\t<div class=\"e-con-inner\">\n\t\t\t\t\t<\/div>\n\t\t\t\t<\/div>\n\t\t\t\t<\/div>\n\t\t","protected":false},"excerpt":{"rendered":"<p>Bienvenido a Rentabilidad Inteligente La marca donde ayudamos a profesionales, emprendedores y due\u00f1os de negocios a maximizar su rentabilidad y aprender a invertir de manera inteligente. Nuestra asesor\u00eda especializada te gu\u00eda paso a paso para convertirte en un inversor inteligente, utilizando estrategias financieras probadas y un enfoque anal\u00edtico. Gestiona eficazmente tus finanzas personales y empresariales, [&hellip;]<\/p>\n","protected":false},"author":1,"featured_media":0,"parent":0,"menu_order":0,"comment_status":"closed","ping_status":"closed","template":"elementor_canvas","meta":{"zakra_sidebar_layout":"customizer","zakra_remove_content_margin":false,"zakra_sidebar":"customizer","zakra_transparent_header":"customizer","zakra_logo":0,"zakra_main_header_style":"default","zakra_menu_item_color":"","zakra_menu_item_hover_color":null,"zakra_menu_item_active_color":null,"zakra_menu_active_style":"","zakra_page_header":true,"footnotes":""},"class_list":["post-1352","page","type-page","status-publish","hentry"],"jetpack_sharing_enabled":true,"_links":{"self":[{"href":"https:\/\/inmo.rentabilidadinteligente.com\/index.php\/wp-json\/wp\/v2\/pages\/1352","targetHints":{"allow":["GET"]}}],"collection":[{"href":"https:\/\/inmo.rentabilidadinteligente.com\/index.php\/wp-json\/wp\/v2\/pages"}],"about":[{"href":"https:\/\/inmo.rentabilidadinteligente.com\/index.php\/wp-json\/wp\/v2\/types\/page"}],"author":[{"embeddable":true,"href":"https:\/\/inmo.rentabilidadinteligente.com\/index.php\/wp-json\/wp\/v2\/users\/1"}],"replies":[{"embeddable":true,"href":"https:\/\/inmo.rentabilidadinteligente.com\/index.php\/wp-json\/wp\/v2\/comments?post=1352"}],"version-history":[{"count":29,"href":"https:\/\/inmo.rentabilidadinteligente.com\/index.php\/wp-json\/wp\/v2\/pages\/1352\/revisions"}],"predecessor-version":[{"id":1394,"href":"https:\/\/inmo.rentabilidadinteligente.com\/index.php\/wp-json\/wp\/v2\/pages\/1352\/revisions\/1394"}],"wp:attachment":[{"href":"https:\/\/inmo.rentabilidadinteligente.com\/index.php\/wp-json\/wp\/v2\/media?parent=1352"}],"curies":[{"name":"wp","href":"https:\/\/api.w.org\/{rel}","templated":true}]}}